{"id":5355,"date":"2022-04-29T10:26:06","date_gmt":"2022-04-29T08:26:06","guid":{"rendered":"http:\/\/fabienboitard.com\/?page_id=5355"},"modified":"2024-11-07T19:15:10","modified_gmt":"2024-11-07T18:15:10","slug":"videos","status":"publish","type":"page","link":"https:\/\/fabienboitard.com\/index.php\/medias\/videos\/","title":{"rendered":"VID\u00c9OS"},"content":{"rendered":"<p>[vc_row][vc_column width=\u00a0\u00bb1\/4&Prime;][vc_empty_space height=\u00a0\u00bb15px\u00a0\u00bb]<div class=\"eltdf-section-title-holder  eltdf-st-standard eltdf-st-title-left eltdf-st-normal-space \" >\n\t<div class=\"eltdf-st-inner\">\n\t\t\t\t\t<h5 class=\"eltdf-st-title\" >\n\t\t\t\tFabien Boitard, Reportage L'atelier A, Art\u00e9.TV - ADAGP. 2023\t\t\t<\/h5>\n\t\t\t\t\t\t\t<p class=\"eltdf-st-text\" >\n\t\t\t\tLes techniques, l\u2019histoire et l\u2019actualit\u00e9 de la peinture sont au centre de la r\u00e9flexion picturale de Fabien Boitard.<br \/>\nFabien Boitard infuse dans ses peintures ses pr\u00e9occupations \u00e0 la fois artistiques et politiques. Il peint aussi bien des visages ab\u00eem\u00e9s par la police que des chasseurs ou des paysages qu\u2019il arpente au quotidien. L\u2019artiste traverse ainsi les grands genres de l\u2019histoire de la peinture en les raccordant avec son pr\u00e9sent, ses engagements, ses urgences et ses d\u00e9sirs de peintre.\t\t\t<\/p>\n\t\t\t<\/div>\n<\/div>[vc_empty_space height=\u00a0\u00bb15px\u00a0\u00bb]<div class=\"eltdf-video-button-holder  eltdf-vb-has-img\">\n    <div class=\"eltdf-video-button-image\">\n\t\t<img loading=\"lazy\" decoding=\"async\" width=\"1264\" height=\"1488\" src=\"https:\/\/fabienboitard.com\/wp-content\/uploads\/2024\/11\/Fabien-Boitard_ARTE-2.jpg\" class=\"attachment-full size-full\" alt=\"\" srcset=\"https:\/\/fabienboitard.com\/wp-content\/uploads\/2024\/11\/Fabien-Boitard_ARTE-2.jpg 1264w, https:\/\/fabienboitard.com\/wp-content\/uploads\/2024\/11\/Fabien-Boitard_ARTE-2-255x300.jpg 255w, https:\/\/fabienboitard.com\/wp-content\/uploads\/2024\/11\/Fabien-Boitard_ARTE-2-870x1024.jpg 870w, https:\/\/fabienboitard.com\/wp-content\/uploads\/2024\/11\/Fabien-Boitard_ARTE-2-768x904.jpg 768w\" sizes=\"auto, (max-width: 1264px) 100vw, 1264px\" \/>    <\/div>\n    <a class=\"eltdf-video-button-play\" href=\"https:\/\/www.youtube.com\/watch?v=2xLX2-vcju0\" data-rel=\"prettyPhoto[video_button_pretty_photo_872]\">\n\t\t\t<span class=\"eltdf-video-button-play-inner\">\n\t\t\t\t<svg version=\"1.1\" xmlns=\"http:\/\/www.w3.org\/2000\/svg\" xmlns:xlink=\"http:\/\/www.w3.org\/1999\/xlink\" class=\"eltdf-video-button-svg\" x=\"0px\" y=\"0px\" width=\"77px\" height=\"77px\" viewBox=\"0 0 77 77\" enable-background=\"new 0 0 77 77\" xml:space=\"preserve\">\n\t\t\t\t\t<polygon fill=\"none\" points=\"3.0498,1.02 3.0498,75.9805 73.6621,38.5005 \"\/>\n\t\t\t\t\t<polygon fill=\"none\" points=\"3.0498,1.02 3.0498,75.9805 73.6621,38.5005 \"\/>\n\t\t\t\t<\/svg>\n\t\t\t<\/span>\n    <\/a>\n<\/div>[\/vc_column][vc_column width=\u00a0\u00bb1\/4&Prime;][vc_empty_space height=\u00a0\u00bb15px\u00a0\u00bb]<div class=\"eltdf-section-title-holder  eltdf-st-standard eltdf-st-title-left eltdf-st-normal-space \" >\n\t<div class=\"eltdf-st-inner\">\n\t\t\t\t\t<h5 class=\"eltdf-st-title\" >\n\t\t\t\tWEFRAC. 2021\t\t\t<\/h5>\n\t\t\t\t\t\t\t<p class=\"eltdf-st-text\" >\n\t\t\t\tAu Frac OM : Fabien Boitard. Le m\u00e9c\u00e8ne et le Paon.\t\t\t<\/p>\n\t\t\t<\/div>\n<\/div>[vc_empty_space height=\u00a0\u00bb15px\u00a0\u00bb]<div class=\"eltdf-video-button-holder  eltdf-vb-has-img\">\n    <div class=\"eltdf-video-button-image\">\n\t\t<img loading=\"lazy\" decoding=\"async\" width=\"1398\" height=\"1795\" src=\"https:\/\/fabienboitard.com\/wp-content\/uploads\/2022\/04\/fabienboitard_frac_2021-e1649867377170.jpg\" class=\"attachment-full size-full\" alt=\"\" srcset=\"https:\/\/fabienboitard.com\/wp-content\/uploads\/2022\/04\/fabienboitard_frac_2021-e1649867377170.jpg 1398w, https:\/\/fabienboitard.com\/wp-content\/uploads\/2022\/04\/fabienboitard_frac_2021-e1649867377170-234x300.jpg 234w, https:\/\/fabienboitard.com\/wp-content\/uploads\/2022\/04\/fabienboitard_frac_2021-e1649867377170-798x1024.jpg 798w, https:\/\/fabienboitard.com\/wp-content\/uploads\/2022\/04\/fabienboitard_frac_2021-e1649867377170-768x986.jpg 768w, https:\/\/fabienboitard.com\/wp-content\/uploads\/2022\/04\/fabienboitard_frac_2021-e1649867377170-1196x1536.jpg 1196w\" sizes=\"auto, (max-width: 1398px) 100vw, 1398px\" \/>    <\/div>\n    <a class=\"eltdf-video-button-play\" href=\"https:\/\/www.youtube.com\/watch?v=NUcbpwLKvIU\" data-rel=\"prettyPhoto[video_button_pretty_photo_592]\">\n\t\t\t<span class=\"eltdf-video-button-play-inner\">\n\t\t\t\t<svg version=\"1.1\" xmlns=\"http:\/\/www.w3.org\/2000\/svg\" xmlns:xlink=\"http:\/\/www.w3.org\/1999\/xlink\" class=\"eltdf-video-button-svg\" x=\"0px\" y=\"0px\" width=\"77px\" height=\"77px\" viewBox=\"0 0 77 77\" enable-background=\"new 0 0 77 77\" xml:space=\"preserve\">\n\t\t\t\t\t<polygon fill=\"none\" points=\"3.0498,1.02 3.0498,75.9805 73.6621,38.5005 \"\/>\n\t\t\t\t\t<polygon fill=\"none\" points=\"3.0498,1.02 3.0498,75.9805 73.6621,38.5005 \"\/>\n\t\t\t\t<\/svg>\n\t\t\t<\/span>\n    <\/a>\n<\/div>[\/vc_column][vc_column width=\u00a0\u00bb1\/4&Prime;][vc_empty_space height=\u00a0\u00bb15px\u00a0\u00bb]<div class=\"eltdf-section-title-holder  eltdf-st-standard eltdf-st-title-left eltdf-st-normal-space \" >\n\t<div class=\"eltdf-st-inner\">\n\t\t\t\t\t<h5 class=\"eltdf-st-title\" >\n\t\t\t\tDans l'atelier. 2012\t\t\t<\/h5>\n\t\t\t\t\t\t\t<p class=\"eltdf-st-text\" >\n\t\t\t\tVisite d'atelier et discussion autour d'un travail en cours.<br \/>\n`` Je ne veux pas me cantonner \u00e0 une seule fa\u00e7on, un seul protocole pour poser la peinture. ``\t\t\t<\/p>\n\t\t\t<\/div>\n<\/div>[vc_empty_space height=\u00a0\u00bb15px\u00a0\u00bb]<div class=\"eltdf-video-button-holder  eltdf-vb-has-img\">\n    <div class=\"eltdf-video-button-image\">\n\t\t<img loading=\"lazy\" decoding=\"async\" width=\"2560\" height=\"1970\" src=\"https:\/\/fabienboitard.com\/wp-content\/uploads\/2022\/04\/fabien_boitard_vanite_camembert_2012_huilesurtoile_130x170cm-scaled.jpg\" class=\"attachment-full size-full\" alt=\"\" srcset=\"https:\/\/fabienboitard.com\/wp-content\/uploads\/2022\/04\/fabien_boitard_vanite_camembert_2012_huilesurtoile_130x170cm-scaled.jpg 2560w, https:\/\/fabienboitard.com\/wp-content\/uploads\/2022\/04\/fabien_boitard_vanite_camembert_2012_huilesurtoile_130x170cm-300x231.jpg 300w, https:\/\/fabienboitard.com\/wp-content\/uploads\/2022\/04\/fabien_boitard_vanite_camembert_2012_huilesurtoile_130x170cm-1024x788.jpg 1024w, https:\/\/fabienboitard.com\/wp-content\/uploads\/2022\/04\/fabien_boitard_vanite_camembert_2012_huilesurtoile_130x170cm-768x591.jpg 768w, https:\/\/fabienboitard.com\/wp-content\/uploads\/2022\/04\/fabien_boitard_vanite_camembert_2012_huilesurtoile_130x170cm-1536x1182.jpg 1536w\" sizes=\"auto, (max-width: 2560px) 100vw, 2560px\" \/>    <\/div>\n    <a class=\"eltdf-video-button-play\" href=\"https:\/\/vimeo.com\/41131848?embedded=true&#038;source=video_title&#038;owner=9147596\" data-rel=\"prettyPhoto[video_button_pretty_photo_876]\">\n\t\t\t<span class=\"eltdf-video-button-play-inner\">\n\t\t\t\t<svg version=\"1.1\" xmlns=\"http:\/\/www.w3.org\/2000\/svg\" xmlns:xlink=\"http:\/\/www.w3.org\/1999\/xlink\" class=\"eltdf-video-button-svg\" x=\"0px\" y=\"0px\" width=\"77px\" height=\"77px\" viewBox=\"0 0 77 77\" enable-background=\"new 0 0 77 77\" xml:space=\"preserve\">\n\t\t\t\t\t<polygon fill=\"none\" points=\"3.0498,1.02 3.0498,75.9805 73.6621,38.5005 \"\/>\n\t\t\t\t\t<polygon fill=\"none\" points=\"3.0498,1.02 3.0498,75.9805 73.6621,38.5005 \"\/>\n\t\t\t\t<\/svg>\n\t\t\t<\/span>\n    <\/a>\n<\/div>[\/vc_column][vc_column width=\u00a0\u00bb1\/4&Prime;][vc_empty_space height=\u00a0\u00bb15px\u00a0\u00bb]<div class=\"eltdf-section-title-holder  eltdf-st-standard eltdf-st-title-left eltdf-st-normal-space \" >\n\t<div class=\"eltdf-st-inner\">\n\t\t\t\t\t<h5 class=\"eltdf-st-title\" >\n\t\t\t\tJozland, interview de Jos\u00e9 Tomayro. 2008\t\t\t<\/h5>\n\t\t\t\t\t\t\t<p class=\"eltdf-st-text\" >\n\t\t\t\t``Puisque tout a \u00e9t\u00e9 fait en peinture, cela nous autorise donc \u00e0 tout faire. L'Histoire de la peinture n'est pas un boulet, c'est une richesse. Ainsi, la polyfacture est n\u00e9e``\t\t\t<\/p>\n\t\t\t<\/div>\n<\/div>[vc_empty_space height=\u00a0\u00bb15px\u00a0\u00bb]<div class=\"eltdf-video-button-holder  eltdf-vb-has-img\">\n    <div class=\"eltdf-video-button-image\">\n\t\t<img loading=\"lazy\" decoding=\"async\" width=\"973\" height=\"521\" src=\"https:\/\/fabienboitard.com\/wp-content\/uploads\/2024\/11\/Capture-decran-2024-11-06-203238.jpg\" class=\"attachment-full size-full\" alt=\"\" srcset=\"https:\/\/fabienboitard.com\/wp-content\/uploads\/2024\/11\/Capture-decran-2024-11-06-203238.jpg 973w, https:\/\/fabienboitard.com\/wp-content\/uploads\/2024\/11\/Capture-decran-2024-11-06-203238-300x161.jpg 300w, https:\/\/fabienboitard.com\/wp-content\/uploads\/2024\/11\/Capture-decran-2024-11-06-203238-768x411.jpg 768w\" sizes=\"auto, (max-width: 973px) 100vw, 973px\" \/>    <\/div>\n    <a class=\"eltdf-video-button-play\" href=\"https:\/\/fabienboitard.com\/wp-content\/uploads\/2024\/11\/2014_Fabien-Boitard_Jozland-interview-de-Jose-Tomayro.mp4\" data-rel=\"prettyPhoto[video_button_pretty_photo_5]\">\n\t\t\t<span class=\"eltdf-video-button-play-inner\">\n\t\t\t\t<svg version=\"1.1\" xmlns=\"http:\/\/www.w3.org\/2000\/svg\" xmlns:xlink=\"http:\/\/www.w3.org\/1999\/xlink\" class=\"eltdf-video-button-svg\" x=\"0px\" y=\"0px\" width=\"77px\" height=\"77px\" viewBox=\"0 0 77 77\" enable-background=\"new 0 0 77 77\" xml:space=\"preserve\">\n\t\t\t\t\t<polygon fill=\"none\" points=\"3.0498,1.02 3.0498,75.9805 73.6621,38.5005 \"\/>\n\t\t\t\t\t<polygon fill=\"none\" points=\"3.0498,1.02 3.0498,75.9805 73.6621,38.5005 \"\/>\n\t\t\t\t<\/svg>\n\t\t\t<\/span>\n    <\/a>\n<\/div>[\/vc_column][\/vc_row]<\/p>\n","protected":false},"excerpt":{"rendered":"<p>[vc_row][vc_column width=\u00a0\u00bb1\/4&Prime;][vc_empty_space height=\u00a0\u00bb15px\u00a0\u00bb][vc_empty_space height=\u00a0\u00bb15px\u00a0\u00bb][\/vc_column][vc_column width=\u00a0\u00bb1\/4&Prime;][vc_empty_space height=\u00a0\u00bb15px\u00a0\u00bb][vc_empty_space height=\u00a0\u00bb15px\u00a0\u00bb][\/vc_column][vc_column width=\u00a0\u00bb1\/4&Prime;][vc_empty_space height=\u00a0\u00bb15px\u00a0\u00bb][vc_empty_space height=\u00a0\u00bb15px\u00a0\u00bb][\/vc_column][vc_column width=\u00a0\u00bb1\/4&Prime;][vc_empty_space height=\u00a0\u00bb15px\u00a0\u00bb][vc_empty_space height=\u00a0\u00bb15px\u00a0\u00bb][\/vc_column][\/vc_row]<\/p>\n","protected":false},"author":1,"featured_media":0,"parent":5385,"menu_order":0,"comment_status":"closed","ping_status":"closed","template":"","meta":{"om_disable_all_campaigns":false,"_mi_skip_tracking":false,"footnotes":""},"class_list":["post-5355","page","type-page","status-publish","hentry"],"aioseo_notices":[],"_links":{"self":[{"href":"https:\/\/fabienboitard.com\/index.php\/wp-json\/wp\/v2\/pages\/5355","targetHints":{"allow":["GET"]}}],"collection":[{"href":"https:\/\/fabienboitard.com\/index.php\/wp-json\/wp\/v2\/pages"}],"about":[{"href":"https:\/\/fabienboitard.com\/index.php\/wp-json\/wp\/v2\/types\/page"}],"author":[{"embeddable":true,"href":"https:\/\/fabienboitard.com\/index.php\/wp-json\/wp\/v2\/users\/1"}],"replies":[{"embeddable":true,"href":"https:\/\/fabienboitard.com\/index.php\/wp-json\/wp\/v2\/comments?post=5355"}],"version-history":[{"count":12,"href":"https:\/\/fabienboitard.com\/index.php\/wp-json\/wp\/v2\/pages\/5355\/revisions"}],"predecessor-version":[{"id":5579,"href":"https:\/\/fabienboitard.com\/index.php\/wp-json\/wp\/v2\/pages\/5355\/revisions\/5579"}],"up":[{"embeddable":true,"href":"https:\/\/fabienboitard.com\/index.php\/wp-json\/wp\/v2\/pages\/5385"}],"wp:attachment":[{"href":"https:\/\/fabienboitard.com\/index.php\/wp-json\/wp\/v2\/media?parent=5355"}],"curies":[{"name":"wp","href":"https:\/\/api.w.org\/{rel}","templated":true}]}}