{"id":273,"date":"2018-10-18T15:05:35","date_gmt":"2018-10-18T13:05:35","guid":{"rendered":"http:\/\/amedeo.elated-themes.com\/?page_id=273"},"modified":"2026-03-15T11:02:44","modified_gmt":"2026-03-15T10:02:44","slug":"biographie","status":"publish","type":"page","link":"https:\/\/fabienboitard.com\/index.php\/biographie\/","title":{"rendered":"BIOGRAPHIE"},"content":{"rendered":"<p>[vc_row css=\u00a0\u00bb.vc_custom_1544619420223{padding-top: 4.8% !important;padding-bottom: 7.1% !important;}\u00a0\u00bb][vc_column]<div class=\"FixedImg\">\n    <div class=\"FixedImg__Left\">\n\t\t<img loading=\"lazy\" decoding=\"async\" width=\"2560\" height=\"1707\" src=\"https:\/\/fabienboitard.com\/wp-content\/uploads\/2022\/04\/Portrait-fabien-Boitard-par-Regis-Figarole-scaled.jpg\" class=\"attachment-full size-full\" alt=\"\" srcset=\"https:\/\/fabienboitard.com\/wp-content\/uploads\/2022\/04\/Portrait-fabien-Boitard-par-Regis-Figarole-scaled.jpg 2560w, https:\/\/fabienboitard.com\/wp-content\/uploads\/2022\/04\/Portrait-fabien-Boitard-par-Regis-Figarole-300x200.jpg 300w, https:\/\/fabienboitard.com\/wp-content\/uploads\/2022\/04\/Portrait-fabien-Boitard-par-Regis-Figarole-1024x683.jpg 1024w, https:\/\/fabienboitard.com\/wp-content\/uploads\/2022\/04\/Portrait-fabien-Boitard-par-Regis-Figarole-768x512.jpg 768w, https:\/\/fabienboitard.com\/wp-content\/uploads\/2022\/04\/Portrait-fabien-Boitard-par-Regis-Figarole-1536x1024.jpg 1536w\" sizes=\"auto, (max-width: 2560px) 100vw, 2560px\" \/>\t\t    <\/div> <!-- \/.FixedImg__Left -->\n    <div class=\"FixedImg__Right\">\n\t\t<div class=\"fixed-img-item\" style=\"padding: 0 27% 0 0\">\n\t[vc_column_text]<\/p>\n<h5>FABIEN BOITARD<\/h5>\n<p>[\/vc_column_text][vc_column_text]<strong>1998-1999<\/strong> &#8211; DNSEP (avec les f\u00e9licitations du jury), \u00c9cole Nationale des Beaux-Arts\u00a0 de Bourges<\/p>\n<p><strong>2025<\/strong> &#8211; Documents d&rsquo;Artistes Occitanie[\/vc_column_text][vc_empty_space height=\u00a0\u00bb31px\u00a0\u00bb][vc_column_text]<\/p>\n<h5>Information\/Contact<\/h5>\n<p>[\/vc_column_text][vc_empty_space height=\u00a0\u00bb13px\u00a0\u00bb][vc_column_text]<\/p>\n<h6 style=\"margin-top: 4px;\"><a href=\"tel:+33 (0) 651993124\">T :\u00a0+33 (0) 651993124<\/a><\/h6>\n<p>[\/vc_column_text][vc_column_text]<\/p>\n<h6 style=\"margin-top: 7px;\"><a href=\"mailto: contact@fabienboitard.com\">E : contact@fabienboitard.com<\/a><\/h6>\n<p>[\/vc_column_text]    <span class=\"eltdf-icon-shortcode eltdf-normal   \" style=\"margin: 13px 0 0 0\" >\n                    <a itemprop=\"url\" class=\"\" href=\"https:\/\/www.facebook.com\/fabien.boitard\" target=\"_blank\">\n                    <i class=\"eltdf-icon-font-awesome fab fa-facebook eltdf-icon-element\" style=\"\" ><\/i>                    <\/a>\n            <\/span>\n    <span class=\"eltdf-icon-shortcode eltdf-normal   \" style=\"margin: 13px 22px 0 22px\" >\n                    <a itemprop=\"url\" class=\"\" href=\"https:\/\/www.instagram.com\/fabien_boitard\/\" target=\"_blank\">\n                    <i class=\"eltdf-icon-font-awesome fab fa-instagram eltdf-icon-element\" style=\"\" ><\/i>                    <\/a>\n            <\/span>\n    <span class=\"eltdf-icon-shortcode eltdf-normal   \" style=\"margin: 13px 0 0 0\" >\n                    <a itemprop=\"url\" class=\"\" href=\"https:\/\/twitter.com\/ElatedThemes?lang=en\" target=\"_blank\">\n                    <i class=\"eltdf-icon-font-awesome  eltdf-icon-element\" style=\"\" ><\/i>                    <\/a>\n            <\/span>\n[vc_empty_space height=\u00a0\u00bb8px\u00a0\u00bb][vc_column_text][\/vc_column_text][vc_column_text]<\/p>\n<h5>EXPOSITIONS PERSONNELLES (s\u00e9lection)<\/h5>\n<p>[\/vc_column_text][vc_empty_space height=\u00a0\u00bb8px\u00a0\u00bb][vc_column_text]<strong>2026<\/strong> \u00ab Dragon d\u2019apr\u00e8s Souvenir \u00bb, Vitrine R\u00e9gionale d&rsquo;Art Contemporain &#8211; V.R.A.C, <strong>Millau<\/strong><\/p>\n<p><strong>2025<\/strong> \u00ab Derri\u00e8re les fleurs, la Montagne \u00bb, Lieu d&rsquo;art La Mouche, <b>B\u00e9ziers<\/b><\/p>\n<p><strong>2024<\/strong> \u00ab L\u00e0-Bas \u00bb, Galerie Provost Hacker, <strong>Lille<\/strong><\/p>\n<p>\u00ab Ferme La ! \u00bb, H\u00f4tel La Prison,\u00a0 Galerie Dupr\u00e9 &amp; Dupr\u00e9, <strong>B\u00e9zier<\/strong><\/p>\n<p>\u00ab Parcours Sant\u00e9 \u00bb, Galerie La Cascade, <strong>Salles La Source<\/strong><\/p>\n<p>\u00ab D&rsquo;apr\u00e8s l&rsquo;Autre \u00bb, Galerie Roger Castang, <strong>Perpignan<\/strong><\/p>\n<p><strong>2023 <\/strong>\u00ab Mortel \u00bb, Chapelle des p\u00e9nitents, <strong>Aniane<\/strong><\/p>\n<p><strong>2022<\/strong>\u00a0 \u00ab Pirates \u00bb, Galerie Benjamin Derouillon, H\u00f4tel Cromot du Bourg, <strong>Paris<\/strong><\/p>\n<p><strong>2021<\/strong> \u00a0 \u00ab\u00a0Prolongation\u00a0\u00bb, Kiasma, <strong>Castelnau le Lez<\/strong><\/p>\n<p>\u00ab\u00a0Prendre\u00a0le b\u00e2ton\u00a0\u00bb, <strong>Bourges<\/strong><\/p>\n<p>WeFRAC, \u00ab\u00a0Le m\u00e9c\u00e8ne et le Paon\u00a0\u00bb, Frac <strong>Montellier Occitanie<\/strong><\/p>\n<p><strong>2020<\/strong> \u00a0 \u00ab\u00a0Le Genre du Si\u00e8cle\u00a0\u00bb, Galerie Tokonoma, <strong>Paris<\/strong><\/p>\n<p><strong>2019<\/strong> \u00a0 \u00ab\u00a0GRIMACES\u00a0\u00bb, Galerie Benjamin Derouillon, <strong>Paris<\/strong><\/p>\n<p><strong>2018<\/strong> \u00a0 \u00ab\u00a0Pens\u00e9es Magiques\u00a0\u00bb, Galerie Benjamin Derouillon, <strong>Paris<\/strong><\/p>\n<p>\u00ab Peinturepeinture \u00bb Chapelle du Quartier Haut, <strong>S\u00e9te<\/strong><\/p>\n<p>Galerie Dupr\u00e9&amp;Dupr\u00e9, <strong>B\u00e9ziers<\/strong><\/p>\n<p><strong>2017<\/strong> \u00a0 Galerie Odile OMS, <strong>C\u00e9ret<\/strong><\/p>\n<p><strong>2016<\/strong> \u00a0 Galerie Derouillon, <strong>Paris<\/strong><\/p>\n<p><strong>2015<\/strong> \u00a0 Galerie Dupr\u00e9&amp;Dupr\u00e9, <strong>B\u00e9ziers<\/strong><\/p>\n<p>Galerie Odile OMS, <strong>C\u00e9ret<\/strong><\/p>\n<p>Maison de la Catalanit\u00e9, <strong>Perpignan<\/strong><\/p>\n<p><strong>2014<\/strong> \u00a0 \u00ab\u00a0La lumi\u00e8re est verte\u00a0\u00bb,\u00a0 Galerie Benjamin Derouillon, <strong>Paris<\/strong><\/p>\n<p>\u00ab\u00a0Pile et Face\u00a0\u00bb, festival d\u2019art contemporain Dordogne , <strong>Sarlat<\/strong><\/p>\n<p><strong>2013<\/strong> \u00a0 \u00ab\u00a0Court-Circuit\u00a0\u00bb, Galerie L\u00e9onardo Agosti, <strong>S\u00e8te<\/strong><\/p>\n<p>\u00ab\u00a0Voir si les saisons ne sont vraiment que quatre\u00a0\u00bb, Centre d\u2019art contemporain, <strong>B\u00e9darieux<\/strong><\/p>\n<p><strong>2012<\/strong> \u00a0 Galerie Odile OMS, <strong>C\u00e9ret<\/strong><\/p>\n<p>La CIT, \u00abI love nature Tampoco\u00bb,\u00a0<strong>Aniane<\/strong><\/p>\n<p><strong>2009<\/strong> \u00a0 Galerie Odile OMS, <strong>C\u00e9ret<\/strong><\/p>\n<p>GM Galerie, <strong>Montpellier<\/strong><\/p>\n<p><strong>2007<\/strong> \u00a0 GM galerie, <strong>Montpellier<\/strong><\/p>\n<p><strong>2003<\/strong> \u00a0 Galerie 4 Barbiers, <strong>N\u00eemes<\/strong><\/p>\n<p>RLBQ\u00a0\u00abClin d\u2019\u0153il de Triangle France\u00bb,\u00a0<strong>Marseille<\/strong><\/p>\n<p><strong>2002<\/strong> \u00a0 La CIT \u00abProspective\u00bb, <strong>Aniane<\/strong><\/p>\n<p><strong>2001<\/strong> \u00a0 Maison du Loir et Cher, <strong>Blois<\/strong>[\/vc_column_text][vc_empty_space height=\u00a0\u00bb24px\u00a0\u00bb][vc_column_text]<\/p>\n<h5>EXPOSITIONS COLLECTIVES (s\u00e9l\u00e9ction)<\/h5>\n<p>[\/vc_column_text][vc_empty_space height=\u00a0\u00bb8px\u00a0\u00bb][vc_column_text]<strong>2025\u00a0 \u00a0 \u00ab Fen\u00eatre sur cour\u00bb, <\/strong>Galerie Pauline Renard,<strong> Lille<br \/>\n<\/strong>Parmi les \u0153uvres de : Romain Bagouet, Jean Paul Blais, Lara Bloy, Fabien Boitard, Sylvain Ciavaldini, Rapha\u00ebl Denis, \u00c9l\u00e9onore Deshayes, Nicolas Djavanshir, L\u00e9o Dorfner, Ga\u00ebl Davrinche.<br \/>\n<strong>\u00ab Speed Dating #8 <\/strong><strong>\u00bb, <\/strong>Lieu-Commun,<strong> Toulouse<\/strong><br \/>\nAvec : Lola Bariant, Fabien Boitard, Lucie Patarozzi et Bonnefrite.<br \/>\n<strong>\u00ab Comme une fleurs \u00bb, <\/strong>LATELIER<strong>, S\u00e8te<\/strong><br \/>\nAvec : Karinne Barrandon , Gilles Bingisser, Fabien Boitard,\u00a0Marie Ducat\u00e9,\u00a0Eva Galtier,\u00a0Florent Groc., Alain L\u00e9on\u00e9si,\u00a0Peter Lokos,\u00a0Lucas Mancione,\u00a0Pascal Renard, Hazel Ann Watling.<br \/>\n<strong>\u00ab That\u2019s Oil Folks \u00bb, <\/strong>Centre d&rsquo;art La Station, <strong>Nice<\/strong><br \/>\nAvec : St\u00e9phane Arcas, Fabien Boitard, Cl\u00e9mentine Taupin et Caroline Vicquenault<br \/>\n<strong>\u00ab Pochette Surprise \u00bb, <\/strong>Galerie Sabine BAYASLI,<strong>\u00a0Paris<\/strong><br \/>\nCommissariat : Marck MOLK<br \/>\n<strong>2024\u00a0 \u00a0 FIAC OCC ! Festival Itin\u00e9rant, <\/strong>Centre d&rsquo;Art contemporain LE LAC<strong>, Sigean<\/strong><br \/>\nParmi les \u0153uvres de : Nicolas Daubanes, Philippe Domergue, Myl\u00e8ne Fritchy Roux, S\u00e9verine P\u00e9ron, Sarah Thiriet, Fabien Boitard, Val\u00e9rie Du Ch\u00e9n\u00e9, Mounia Kansoussi, Vanessa Notley, Patrick Sauze, Doris Schl\u00e4pfer , Venice Spescha, Patricia Stheeman, Sarah Thiriet, Julien Cassignol, Sylvain Fraysse, Paola Di Prima, Florence Etienne, Oc\u00e9ane Mouss\u00e9, Aline Filipp, Cassandre Fournet, Carita Savolainen, Enna Chaton, Nicolas Cussac, Claudie Dadu, Stella Rinke, Agnes Rosse, Venice Spescha, C\u00e9dric Torne, Pierre Bendine-Boucar, Didier B\u00e9quillard, Nissrine Seffar, Muriel Valat-, Jean-Christophe Alix, Paola Di Prima, Florence Etienne, Michael Kukla, Vanessa Notley, Nissrine Seffar, Jeanne Susplugas, Sarah Thiriet, Jean Denant, Alexandre Gilibert, Jihane Khelif, Jeanne Susplugas, Marietta Hoferer, Michael Kukla, Herman Van Synghel, Tony White<br \/>\n<strong>\u00ab Esp\u00e8ce de&#8230;\u00bb, <\/strong>Centre d&rsquo;art Le P\u00e9lican-S, <strong>Ch\u00e2teaubriant<\/strong><br \/>\nParmi les \u0153uvres de : Babou, Fabien Boitard, Rebecca Bournigault, Buhot Alain, Evelyne Cherpin, Claude Como, Fred Eno, Sammy Engramer, Jean Fr\u00e9miot, Jacques Halbert, Joel Hubaut, Vincent Mauger, Tania Mouraud, Emile Parchemin, R\u00e9gis Perray, Catherine Jacques Pineau, Brian Reffin Smith, Manon Tricoire<br \/>\n<strong>\u00ab Un Paysage(s) \u00e0 Autun \u00bb,<\/strong> Association Culture \u00e0 la Folie, <strong>Autun<\/strong><br \/>\nFabien Boitard, Isa Bordat, Alexia Bretaudeau, Martin Bruneau, Cl\u00e9mentine Chalan\u00e7on, \u00c9tienne de France, Didier Dessus, Ga\u00eblle Foray, J\u00e9r\u00e9my Liron, Olivier Masmonteil, Thierry Millotte, Oana Munteanu, Barbara Navi, Axel Pahlavi, Agn\u00e8s Pezeu, Johanna Reich, Micha\u00eble-Andr\u00e9a Schatt, Ulrich Schreiber, Helen Sear, Jan Sivertsen, Paul Vergier, Halveig Villand.<br \/>\n<strong>\u00ab Sur Invitations d\u2019artistes<\/strong> <strong>\u00bb,<\/strong>Galerie Provost Hacker, <strong>Lille<\/strong><br \/>\nRomain Bagouet, Fran\u00e7ois Bellabas, Mahjoub Ben Bella, Lara Bloy, Fabien Boitard, C\u00e9leste Boursier-Mougenot, Katia Bourdarel, Sylvain Clavaldini, Micky Cl\u00e9ment, Ga\u00ebl Davrinche, Nicolas Dhervillers, Glammarco Falcone, Vincent Fournier, Julia Haumont, Marie Hudelot, Martin Loume, Kim Naryeong, Fran\u00e7oise Petrovitch, Benjamin Roulet, Cl\u00e9ment et Renaud Suanez, L\u00e9a Toutain.<br \/>\n<strong>2023<\/strong>\u00a0 \u00a0<strong>\u00ab Libres ! \u00bb,<\/strong>Collectionneurs d\u2019Arts Modestes \u2013 Mus\u00e9e MIAM, Collection priv\u00e9e FB\/DL, <strong>S\u00e8te<\/strong><br \/>\nParmis les \u0153uvres de : Kwame Akoto, Abdelkader Benchamma, R\u00e9mi Blanchard, Fran\u00e7ois Boisrond, Robert Combas, Herv\u00e9 Di Rosa, Yan Pei Ming, St\u00e9phane Pencr\u00e9ac\u2019h, Cyprien Tokoudagba, Chuckie Williams, Claude Viallat, Christine Viennet.<br \/>\n<strong>\u00ab Le d\u00e9jeuner sur l\u2019herbe \u00bb,<\/strong> galerie Le R\u00e9servoir &amp; Collection priv\u00e9e Gilbert Ganivenq, <strong>S\u00e8te<\/strong><br \/>\nParmis les \u0153uvres de : Pierre Maraval, BEN, Vincent Bioul\u00e9s, Marc Champieux, St\u00e9phano Chiachella, Philippe Cogn\u00e9e, Alain Jacquet.<br \/>\n<strong>\u00ab Immortelle \u00bb,<\/strong> MO.CO H\u00f4tel des Collection, <strong>Montpellier<\/strong><br \/>\nParmis les \u0153uvres de : Agrinier Thomas, Aillaud Arthur, Barrot Ronan, Bataillard Marion, Bazignan Pauline, Belgrand Adrien, Belin Murielle, Belyat-Giunta Anya, Benchamma Abdelkader, Beneyton Julien, Berger C\u00e9line, Bernini Romain, Bizien Vincent, Boisadan Mathieu, Boitard Fabien [\u2026] Verny Thomas, Vidor Vuk, Vranki\u0107 Davor, Xie Lei, Zonder J\u00e9r\u00f4me.<br \/>\n<strong>\u00ab Eph\u00e9m\u00e8re<\/strong> <strong> \u00bb, <\/strong>Galerie Cl\u00e9mence Boisant\u00e9, <strong>Montpellier<\/strong><br \/>\nFabien Boitard, Doroth\u00e9e Clauss, L\u00e9onore Chastagner, Benjamin Defossez, Gr\u00e9gory Forstner, Thibault Franc, Yves Gobart, Karine Hoffman, Herv\u00e9 Ic, Mohamed Lekleti, Olivier Masmonteil, Laurent Perbos, Abel Pradalie.<strong><br \/>\n<\/strong><strong>2022<\/strong>\u00a0 \u00a0<strong>\u00ab Quatre peintres figuratifs contemporains \u00bb<\/strong>, Galerie Tokonoma, <strong>B\u00e9zier<\/strong><br \/>\nFabien Boitard, Brann Renaud, Xevi Sola Serra et Cyril Tricaud.<br \/>\n<strong>\u00ab Gestalt \u00bb<\/strong>, Centre d\u2019art A Cent m\u00e8tres du centre du Monde, <strong>Perpignan<\/strong><br \/>\nJean-Michel Alberola, \u00c9tienne Armandon, Marion Bataillard, Fabien Boitard, C\u00e9cile Brigand, Sylvie Fajfrowska, Henriette Grahnert, Yann Lacroix, Matthias Ludwig, Fran\u00e7ois Mendras, Laurent Proux, Robert Seidel, Elen\u00e9 Shatberashvili.<br \/>\n<strong>\u00ab Ecran Total \u00bb<\/strong>, Galerie PROVOST HACKER, <strong>Lille<\/strong><br \/>\nRomain Bagouet, Abdelhak Benallou, Diane Benoit Du Rey, Fabien Boitard, Marie Charpentier, Gael Davrinche, Eleonore Deshayes, Nicolas Dhervillers, Bruno Gadenne, Iris Legendre, Nicolas Marciano, Olivier Masmonteil, Jan De Vliegher, Manon Thirriot, Justin Weiler<br \/>\n<strong>\u00ab Autre choses \u00bb<\/strong>, Duo Fabien Boitard &amp; Herv\u00e9 George IC, L&rsquo;Arbre Blanc, <strong>Montpellier<\/strong><br \/>\n<strong>2021 \u00a0 Biennale#1#SOL<\/strong>, un pas de C\u00f6t\u00e9, MOCO Panac\u00e9e, <strong>Montpellier<br \/>\n\u00ab\u00a0Habiter\u00a0\u00bb<\/strong>, <strong>Bourges<br \/>\n2020 \u00a0 \u00ab 4 Figures \u00bb,<\/strong> Le L.A.C,\u00a0<strong>Sigean<br \/>\n<\/strong>Happy together, Gilles Balmet et sa collection au Pavillon Carr\u00e9 de Baudouin, <strong>Paris<\/strong><br \/>\n<strong>2019 \u00a0 Chez A+ Architechture<\/strong> avec Camille Beauplan, Sandrine Rondard et Nicolas Pincemin, <strong>Montpellier<br \/>\n2018 \u00a0 \u00ab Angle Mort \u00bb<\/strong>,\u00a0ICI gallery,<strong> Paris<\/strong><br \/>\nPierre Ardouvin, Gilles Balmet, Fabien Boitard, Bianca Bondi, Rebecca Bournigault,<br \/>\nLaura Bottereau &amp; Marine Fiquet, Damien Caccia, Nicolas Floc\u2019h, Fabien Granet, Bertrand Lamarche, Claude L\u00e9v\u00eaque, Emeric Lhuisset, Jonathan Loppin, Tom de P\u00e9kin, Jeanne Susplugas, Erwan Venn, Jean-Luc Verna, Jo\u00ebl-Peter, Witkin, Alicia Zaton.<br \/>\n<strong>\u00ab Fils de Dupe<\/strong> <strong>\u00bb<\/strong>, Galerie Martagon, <strong>Malauc\u00e8ne (Vaucluse)<\/strong>,<br \/>\nDuo\u00a0Fabien Boitard et Fr\u00e9derique Clav\u00e8re.<br \/>\n<strong>\u00ab JOUR DE COL\u00c8RE \/ paysages extr\u00eames \u00bb, <\/strong>Galerie Anouk le Bourdiec,<strong> Paris<\/strong><br \/>\nFabien Boitard, Herv\u00e9 Ic, Filip Mirazovic, Arnaud Rochard, Eric Monbel, L\u00e9opold Rabus,Anne Laure Sacriste, Maxime Touratier, Laurent Bouckenooghe, Yann Lacroix, Vanessa Fanuele,\u00a0Cristine Guinamand, Jean-Michel Hannecart, Johanna Perret.<br \/>\n<strong>2017 \u00a0 \u00ab L\u2019anti Destin \u00bb,<\/strong> En collaboration avec la Galerie Derouillon, la Galerie Helenbeck, Pierre et Alexandre Lorquin, <strong>Paris<\/strong><br \/>\nNabuyoshi\u00a0Araki, Fernandez\u00a0Arman, John\u00a0Armleder, Fabien\u00a0Boitard, Louis\u00a0Cane, Quentin\u00a0Derouet, Cyril\u00a0Duret, Nada\u00a0Duval, Nils\u00a0Guadagnin, Raymond\u00a0Hains, Michel\u00a0Journiac, Ra\u2019anan\u00a0Levy, Jean\u00a0Von Luger, Aristide\u00a0Maillol, Fran\u00e7ois\u00a0Morellet, Fahr el Nissa\u00a0Zeid, Karolina\u00a0Orzelek, Eugenio\u00a0Pipo, Danh\u00a0Vo, Guy\u00a0Yana\u00ef.<br \/>\n<strong>2017\u00a0 \u00a0\u00ab Occitania boulega ti \u00bb<\/strong>, Galerie Dupr\u00e9&amp;Dupr\u00e9, autour de BEN, <strong>B\u00e9ziers<br \/>\nDuo,<\/strong>Galerie Le Corridor, fabien Boitard et Lucas Gilli, <strong>Arles<br \/>\n\u00ab\u00a0Landshaft\u00a0\u00bb<\/strong>, Josh Berry, Cathy Coez, Fabien Boitard, <strong>Bruxelles<br \/>\n2016 \u00a0 Nomade Galerie, Arles<br \/>\nFRAC Languedoc-Roussillon, \u00ab\u00a0La peinture \u00e0 l\u2019huile c\u2019est bien difficile\u00a0\u00bb,<\/strong> <strong>Montpellier<br \/>\n<\/strong>Luc Andri\u00e9, Jean-Pierre Bertrand, Fabien Boitard, Bruno Carbonnet, Denis Castellas, Jean-Marc C\u00e9rino, Nina Childress, Alain Clairet et Anne-Marie Jugnet, Jean Degottex, Dominique Figarella, Jacques Fournel, Filip Francis, Bernard Frize, Simon Hanta\u00ef, Tania Mouraud, Jules Olitski, Bernard Piffaretti, Samuel Richardot, Alain S\u00e9chas, Sigurdur Arni Sigurdsson, Walter Swennen, Julien Tiberi, Jens Wolf, David Wolle.<br \/>\n<strong>_EX_PERI_MENTAL \u2013<\/strong> work on paper\u00a0 sur une proposition de Herv\u00e9 IC<br \/>\nL.A.C. Lieu d&rsquo;art contemporain,\u00a0<strong>Sigean<br \/>\n<\/strong>Christophe Avella-Bagur, Pascal Bernier, Fabien Boitard, Laurent Bouckenooghe, Linda Carrara, Eric Corne, Laurence Egloff, Sandrine Elberg, Herv\u00e9 Ic, Marc Lathuill\u00e8re, Fr\u00e9d\u00e9ric L\u00e9glise, Matthieu Martin, Pierre Moignard,Maxime Touratier, Suzanne Wirz \u2013 Max Wyse.<br \/>\n<strong>2015 \u00a0 _ GENRE HUMAIN,<\/strong> 30 ANS EMMETROP<br \/>\nProposition Claude L\u00e9v\u00eaque\u00a0Palais Jacques C\u0153ur, <strong>Bourges<br \/>\n<\/strong>Commissaire Damien Sausset et Association Emmetrop.<br \/>\nMartine Aball\u00e9a,\u00a0Erik Dietman, Pierre Ardouvin, Joseph Beuys, Fabien Boitard,Chrisitian Boltanski, Guillaume Constantin, Armand Morin,\u00a0Fran\u00e7oise P\u00e9trovitch, Michel Journiac,\u00a0Carlos Kusnir, Haime Stenbach, Anita Molinero, Bertrand Lavier, Claude L\u00e9v\u00eaque,\u00a0Mona Hatoum, Jonathan Loppin, Cady Noland,\u00a0Simon Boudvin, Steven Parrino, Tania Mourraud, Gina Pane, Martin Kipenberger,\u00a0Hugo Rondinone, Annette Messager,\u00a0B\u00e9r\u00e9nice Merlet, David Hammons,\u00a0Pierre Huyghe, Paul Thek,\u00a0J\u00e9r\u00f4me Zonder.<br \/>\n<strong>NARCISSE, LE POUVOIR DE L\u2019AUTOPORTRAIT<br \/>\n<\/strong>Centre d\u2019art Walter Benjamin,\u00a0<strong>Perpignan<br \/>\n<\/strong>Philip Akkerman, Yves d\u2019Ans, Dieter Appelt, Bruno Aveillan, Delphine Balley, Miquel Barcel\u00f2, Jacquie Barral, Ronan Barrot, Jean-Charles Blais, Fabien Boitard, Christian Boltanski, Gerd Bonfert, Sophie Calle, Jean Capdeville, Julien Cassignol, Antoni Clav\u00e9, Hannah Collins, Robert Combas, John Coplans, Pierre Daura, Brian Day Parsons, Bernard Dufour, Marguerite Duras, Nan Goldin, John Goudie-Lynch, Jean H\u00e9lion, Louise H\u00e9ron Blair, Brigitte K\u00fchlewind Brennenstuhl, Jean Le Gac, Eug\u00e8ne Leroy, Bengt Lindstr\u00f6m, Chema Lopez, Patrick Loste, Urs L\u00fcthi, Michel Madore, Pierre Moignard, Roman Opalka, Oebr et Pad, Lucien Pelen, Anne Pesce, Jean-Pierre Pincemin, Anne et Patrick Poirier, Anatoly Poutiline, Philippe Ramette, Man Ray, Hyacinthe Rigaud \u2022 Denis Roche, Andy Warhol, Judith Wolfe, Santiago Ydane.<br \/>\n<strong>\u00ab\u00a0MA PATIENCE A DES LIMITES \u00bb<\/strong>, Still Life,<br \/>\nproposition de Herv\u00e9 IC\u00a0Galerie DuboisFriedland, <strong>Bruxelles<br \/>\n<\/strong>Thomas Agrinier, C\u00e9line Berger, Fabien Boitard, Linda Carrara, Herv\u00e9 Ic, Pierre Lefebvre, Fr\u00e9d\u00e9ric L\u00e9glise, Thomas L\u00e9vy-Lasne, Fr\u00e9d\u00e9ric Liver, Nazanine Pouyandeh, Aurelie Salavaert.<br \/>\n<strong>2014 \u00a0 \u00ab Pile et Face \u00bb, <\/strong>l\u2019art est ouvert, festival d\u2019art contemporain Dordogne<br \/>\n<strong>2013 \u00a0\u00a058\u00e9me Salon de Montrouge<br \/>\n<\/strong>Galerie Odile OMS, C\u00e9ret avec Julien Descossy<br \/>\n<strong>2012 \u00a0 Collection Piet MOGET- Espace d\u2019art contemporain de B\u00e9darieux<\/strong>, avec Arman, Alechinsky, Basquiat, Dado, Geer Van Velde, Combas, Viallat, Boitard, Appel, Belmer, Sauze \u2026<br \/>\n<strong>Artyevents\/ronchauxRoom<\/strong> Comissariat Jean-Michel Jagot : \u00a0Miguel Angel Molina, C\u00e9cile Meynier, <strong>Besan\u00e7on<\/strong><br \/>\n<strong>2009 \u00a0Le Couvent des M\u00eenimes,<\/strong> Viallat &#8211; Cl\u00e9ment &#8211; Julien Gardair\u2026 <strong>Perpignan<\/strong><br \/>\n<strong>2008 \u00a0 La Vigie &#8211; Art Contemporain,<\/strong> rencontre n\u00b032, Emmanuelle Castellan, Baptiste Chaves, <strong>N\u00eemes<\/strong><br \/>\n<strong>Centre d\u2019art\u00a0 Le Vallon du Villaret,<\/strong> avec Armelle Caron et Bernd Wendt\u00a0<strong>Bagnols-les-bains<\/strong> (Loz\u00e8re)<br \/>\n<strong>2007 \u00a0 Ecole Sup\u00e9rieure des Beaux-Arts, Montpellier<br \/>\n2006 \u00a0 GM Galerie, Montpellier<br \/>\n2004 \u00a0 La CIT\u00a0\u00abEt in pictura ego\u00bb, Aniane<br \/>\nGalerie ALMA<\/strong> \u00abEt in pictura ego\u00bb, <strong>Montpellier<br \/>\n2003 \u00a0 La CIT<\/strong> \u00abVieillesse\u00bb, <strong>Aniane<br \/>\n2000 \u00a0 Galerie du Pr\u00e9au<\/strong> \u00abPoly-facture et Re-pr\u00e9sentation\u00bb, avec Cyril Chartier-Poyet,<strong> Montpellier<br \/>\nBiennale d\u2019Art Contemporain, Bourges<br \/>\n<\/strong><strong>1999 \u00a0 Ecole Nationale des Beaux-Arts, Bourges<\/strong>[\/vc_column_text][vc_empty_space height=\u00a0\u00bb24px\u00a0\u00bb][vc_column_text]<\/p>\n<h5>RESIDENCES, PRIX ET ACQUISITIONS<\/h5>\n<p>[\/vc_column_text][vc_empty_space height=\u00a0\u00bb8px\u00a0\u00bb][vc_column_text]<strong>2023<\/strong>\u00a0 \u00a0Acquisition, Collection Laurent Dumas ( fondation Emerige)<\/p>\n<p><strong>2020\u00a0<\/strong> \u00a0Acquisition, Collection FRAC OM<\/p>\n<p><strong>2018<\/strong> \u00a0 Prix Arles Contemporain, <strong>Arles<\/strong><\/p>\n<p><strong>2017<\/strong> \u00a0 R\u00e9sidence\/Commande Priv\u00e9e , Shelter Island, <strong>New York<\/strong><\/p>\n<p><strong>2016<\/strong> \u00a0 R\u00e9sidence Les amis de Christian Paraschiv, ARTOTECA, <strong>Roumanie<\/strong><\/p>\n<p><strong>2010<\/strong> \u00a0 R\u00e9sidence Lyc\u00e9e Louis Feuillade, <strong>Lunel<\/strong><\/p>\n<p><strong>2005<\/strong> Acquisition, Collection Piet Moget, Lieu d&rsquo;Art Contemporain, Sigean<\/p>\n<p><strong>2002-2003<\/strong> \u00a0 R\u00e9sidence Triangle France (Friche Belle de Mai), <strong>Marseille<\/strong><\/p>\n<p><strong>1999<\/strong> \u00a0 Prix Paul Louis Weiler, (moins de 25 ans), Academie de Paris[\/vc_column_text][vc_column_text]<\/p>\n<h5>COMMISSARIAT ET REGIE D\u2019EXPOSITION<\/h5>\n<p>[\/vc_column_text][vc_empty_space][vc_column_text]Parall\u00e8lement \u00e0 mon travail de peintre, j\u2019ai co-fond\u00e9 en 2003 l\u2019association \u00abLA CIT\u00bb, une association d\u2019art contemporain destin\u00e9e \u00e0 montrer l\u2019art en milieu rural. Cette association a b\u00e9n\u00e9fici\u00e9 des aides de la commune, du d\u00e9partement, de la r\u00e9gion et du minist\u00e8re de la culture.<\/p>\n<p>Nous avons pu montrer avec ce soutien,\u00a0quelques expositions remarquables dans un lieu unique propice \u00e0 accueillir un travail in-situ. Nous avons pu ainsi collaborer et produire des \u0153uvres pour La chapelle des p\u00e9nitents \u00e0 Aniane, avec entre autre Claude L\u00e9v\u00e8que, Mathieu Mercier, Nicolas Moulin, C\u00e9l\u00e8ste boursier-Mougenot, Joachim Mogarra, Baptiste de Bombourg, Vincent Mauger, Pierre Malph\u00e8te, B\u00e9atrice Cussol,\u2026<\/p>\n<p>Nous avons aussi travaill\u00e9 en collaboration avec plusieurs FRAC et notamment ceux du Languedoc-Roussillon, d&rsquo;Auvergne, du Limousin\u2026[\/vc_column_text][vc_empty_space][vc_column_text]<\/p>\n<h5>ENSEIGNEMENT ET PEDAGOGIE<\/h5>\n<p>[\/vc_column_text][vc_empty_space][vc_column_text]<strong>2010-2012<\/strong> \u00a0 Professeur de dessin, mod\u00e8le vivant \u00e0 \u00ab\u00a0L\u2019ATELIER\u00a0\u00bb (\u00e9cole de formation au cin\u00e9ma d\u2019animation), Aniane<br \/>\n<strong>2010<\/strong> \u00a0 Workshop peinture autours de l\u2019exp\u00e9rimentation de ce m\u00e9dium pour \u00ab\u00a0les premi\u00e8res ann\u00e9es \u00bb aux Beaux-arts de Montpellier<br \/>\n<strong>1999-2000<\/strong> \u00a0 Assistant enseignement peinture de Didier MENCOBONI et Christian BABOU au Beaux-arts de Bourges[\/vc_column_text][vc_empty_space height=\u00a0\u00bb45px\u00a0\u00bb][vc_column_text]<\/p>\n<h5>AIDES A LA CREATION<\/h5>\n<p>[\/vc_column_text][vc_empty_space height=\u00a0\u00bb24px\u00a0\u00bb][vc_column_text]<strong>2021<\/strong> \u00a0 Aide \u00e0 l\u2019am\u00e9nagement d\u2019atelier. DRAC OM<\/p>\n<p><strong>2014<\/strong> \u00a0 Aide \u00e0 la cr\u00e9ation, DRAC Languedoc-Roussillon<\/p>\n<p><strong>2011<\/strong> \u00a0 Aide \u00e0 la cr\u00e9ation, R\u00e9gion Languedoc-Roussillon<\/p>\n<p><strong>2007<\/strong> \u00a0 Aide \u00e0 la cr\u00e9ation, DRAC Languedoc-Roussillon<\/p>\n<p><strong>2006<\/strong> \u00a0 Aide \u00e0 la cr\u00e9ation, R\u00e9gion Languedoc-Roussillon<\/p>\n<p><strong>2003<\/strong> \u00a0 Aide \u00e0 la cr\u00e9ation, DRAC Languedoc Roussillon[\/vc_column_text][vc_empty_space][vc_column_text]<em>Portrait \u00a9R\u00e9gis Figarol<\/em>[\/vc_column_text]<\/div> <!-- \/.fixed-img-item -->    <\/div> <!-- \/.FixedImg__Right -->\n    <div class=\"FixedImg__Helper\"><\/div>\n<\/div>\n\n\n[\/vc_column][\/vc_row][vc_row][vc_column][\/vc_column][\/vc_row]<\/p>\n","protected":false},"excerpt":{"rendered":"<p>[vc_row css=\u00a0\u00bb.vc_custom_1544619420223{padding-top: 4.8% !important;padding-bottom: 7.1% !important;}\u00a0\u00bb][vc_column][\/vc_column][\/vc_row][vc_row][vc_column][\/vc_column][\/vc_row]<\/p>\n","protected":false},"author":1,"featured_media":0,"parent":0,"menu_order":0,"comment_status":"closed","ping_status":"closed","template":"full-width.php","meta":{"om_disable_all_campaigns":false,"_mi_skip_tracking":false,"footnotes":""},"class_list":["post-273","page","type-page","status-publish","hentry"],"aioseo_notices":[],"_links":{"self":[{"href":"https:\/\/fabienboitard.com\/index.php\/wp-json\/wp\/v2\/pages\/273","targetHints":{"allow":["GET"]}}],"collection":[{"href":"https:\/\/fabienboitard.com\/index.php\/wp-json\/wp\/v2\/pages"}],"about":[{"href":"https:\/\/fabienboitard.com\/index.php\/wp-json\/wp\/v2\/types\/page"}],"author":[{"embeddable":true,"href":"https:\/\/fabienboitard.com\/index.php\/wp-json\/wp\/v2\/users\/1"}],"replies":[{"embeddable":true,"href":"https:\/\/fabienboitard.com\/index.php\/wp-json\/wp\/v2\/comments?post=273"}],"version-history":[{"count":51,"href":"https:\/\/fabienboitard.com\/index.php\/wp-json\/wp\/v2\/pages\/273\/revisions"}],"predecessor-version":[{"id":5927,"href":"https:\/\/fabienboitard.com\/index.php\/wp-json\/wp\/v2\/pages\/273\/revisions\/5927"}],"wp:attachment":[{"href":"https:\/\/fabienboitard.com\/index.php\/wp-json\/wp\/v2\/media?parent=273"}],"curies":[{"name":"wp","href":"https:\/\/api.w.org\/{rel}","templated":true}]}}