{"id":1201,"date":"2018-10-23T09:43:04","date_gmt":"2018-10-23T07:43:04","guid":{"rendered":"http:\/\/amedeo.elated-themes.com\/?page_id=1201"},"modified":"2022-05-12T09:26:30","modified_gmt":"2022-05-12T07:26:30","slug":"presentation","status":"publish","type":"page","link":"https:\/\/fabienboitard.com\/index.php\/presentation\/","title":{"rendered":"PR\u00c9SENTATION"},"content":{"rendered":"<p>[vc_row css=\u00a0\u00bb.vc_custom_1540287044337{padding-top: 29px !important;}\u00a0\u00bb][vc_column]<div class=\"eltdf-background-text eltdf-align-left eltdf-no-rotate\" style=\"left: 5.8%;top: 272px;font-size: 640px\"\n     id=\"eltdf-background-text-575\" data-item-class=\"bkgText-6722\" data-font-size-1600=\"540px\" data-font-size-1366=\"540px\" data-font-size-1024=\"530px\" data-font-size-768=\"530px\" data-font-size-680=\"335px\" data-horizontal-offset-1600=\"0px\" data-horizontal-offset-1366=\"0px\" data-horizontal-offset-1024=\"0px\" data-horizontal-offset-768=\"0px\" data-horizontal-offset-680=\"0px\" data-vertical-offset-1600=\"195px\" data-vertical-offset-1366=\"195px\" data-vertical-offset-1024=\"228px\" data-vertical-offset-768=\"228px\" data-vertical-offset-680=\"156px\">\n    <div class=\"eltdf-background-text-inner\">\n\t\t    <\/div>\n<\/div>\n[\/vc_column][\/vc_row][vc_row row_content_width=\u00a0\u00bbgrid\u00a0\u00bb][vc_column]<div class=\"eltdf-elements-holder   eltdf-two-columns  eltdf-responsive-mode-1024 \" ><div class=\"eltdf-eh-item    \"  data-item-class=\"eltdf-eh-custom-5908\" data-1367-1600=\"190px 111px 100px 0px\" data-1025-1366=\"180px 96px 100px 0\" data-769-1024=\"300px 0px 10px 0\" data-681-768=\"320px 0px 10px 0\" data-680=\"215px 0px 13px 0\">\n\t<div class=\"eltdf-eh-item-inner\">\n\t\t<div class=\"eltdf-eh-item-content eltdf-eh-custom-5908\" style=\"padding: 100px 111px 100px 0\">\n\t\t\t<div class=\"eltdf-single-image-holder   \">\n    <div class=\"eltdf-si-inner\" >\n                                    <img loading=\"lazy\" decoding=\"async\" width=\"1802\" height=\"2362\" src=\"https:\/\/fabienboitard.com\/wp-content\/uploads\/2022\/05\/fabienboitard_2015_autoportrait_a_la_gopro_huilesurtoile_145x110cm.jpg\" class=\"attachment-full size-full\" alt=\"\" srcset=\"https:\/\/fabienboitard.com\/wp-content\/uploads\/2022\/05\/fabienboitard_2015_autoportrait_a_la_gopro_huilesurtoile_145x110cm.jpg 1802w, https:\/\/fabienboitard.com\/wp-content\/uploads\/2022\/05\/fabienboitard_2015_autoportrait_a_la_gopro_huilesurtoile_145x110cm-229x300.jpg 229w, https:\/\/fabienboitard.com\/wp-content\/uploads\/2022\/05\/fabienboitard_2015_autoportrait_a_la_gopro_huilesurtoile_145x110cm-781x1024.jpg 781w, https:\/\/fabienboitard.com\/wp-content\/uploads\/2022\/05\/fabienboitard_2015_autoportrait_a_la_gopro_huilesurtoile_145x110cm-768x1007.jpg 768w, https:\/\/fabienboitard.com\/wp-content\/uploads\/2022\/05\/fabienboitard_2015_autoportrait_a_la_gopro_huilesurtoile_145x110cm-1172x1536.jpg 1172w, https:\/\/fabienboitard.com\/wp-content\/uploads\/2022\/05\/fabienboitard_2015_autoportrait_a_la_gopro_huilesurtoile_145x110cm-1562x2048.jpg 1562w\" sizes=\"auto, (max-width: 1802px) 100vw, 1802px\" \/>                        <\/div>\n<\/div>\t\t<\/div>\n\t<\/div>\n<\/div><div class=\"eltdf-eh-item    \"  data-item-class=\"eltdf-eh-custom-1193\" data-1367-1600=\"89px 80px 196px 0px\" data-1025-1366=\"80px 7px 86px 0px\" data-769-1024=\"82px 140px 46px 0px\" data-681-768=\"82px 0px 0 0px\" data-680=\"82px 0px 46px 0px\">\n\t<div class=\"eltdf-eh-item-inner\">\n\t\t<div class=\"eltdf-eh-item-content eltdf-eh-custom-1193\" style=\"padding: 0 70px 196px 0px\">\n\t\t\t<div class=\"eltdf-section-title-holder  eltdf-st-standard eltdf-st-title-left eltdf-st-normal-space \" >\n\t<div class=\"eltdf-st-inner\">\n\t\t\t\t\t<h5 class=\"eltdf-st-title\" >\n\t\t\t\tFABIEN BOITARD\t\t\t<\/h5>\n\t\t\t\t\t\t\t<h6 class=\"eltdf-st-text\" style=\"margin-top: 12px\">\n\t\t\t\tArtiste Peintre\t\t\t<\/h6>\n\t\t\t<\/div>\n<\/div>[vc_empty_space height=\u00a0\u00bb38px\u00a0\u00bb][vc_column_text]N\u00e9 \u00e0 Blois le 10\/03\/1973 et apr\u00e8s l&rsquo;obtention du Dipl\u00f4me National Sup\u00e9rieur d&rsquo;Expression Plastique de l\u2019\u00c9cole des <b>Beaux Arts de Bourges<\/b>, avec les f\u00e9licitations du jury, privil\u00e9giant mon cadre de travail et la qualit\u00e9 de vie, je me suis install\u00e9 pr\u00e8s de Montpellier.<br \/>\nJe vis et travaille maintenant \u00e0 Aniane (34) et y d\u00e9veloppe une peinture figurative.<span class=\"Apple-converted-space\">\u00a0<\/span>[\/vc_column_text][vc_empty_space height=\u00a0\u00bb4px\u00a0\u00bb][vc_column_text]\u00a0\u00bbBas\u00e9e sur la <b><i>Polyfacture<\/i><\/b>, ma peinture tente de composer avec diff\u00e9rentes fa\u00e7ons de peindre. Toutes les formes physiques, tous ses \u00e9tats texturiels devaient pouvoir un jour me servir d\u2019<b>outils<\/b>. Le flou, le net, la couleur, la non-couleur, le jet\u00e9, le pos\u00e9, le racl\u00e9, l\u2019effac\u00e9, le vite ex\u00e9cut\u00e9, mais aussi le dessin laborieux, expressif, photographique, bref tout ce qui caract\u00e9rise une symbolique, induit une gestuelle sp\u00e9cifique, une forme pure, relevant d\u2019un choix efficace, visible et identifiable. En bref un vocabulaire suffisamment riche pour qu\u2019une dialectique s\u2019instaure de par la juxtaposition ou combinaison subtile de plusieurs <b><i>factures\/outils<\/i><\/b> entre elles. En axant mon travail et en composant avec ces diff\u00e9rents <b>rapports de<\/b> <b>factures<\/b>, j\u2019affirme \u00e0 mon sens la volont\u00e9 de faire des choix\u00a0parmi les possibles, garantissant un subjectivisme total\u00a0\u00bb.[\/vc_column_text][vc_empty_space height=\u00a0\u00bb39px\u00a0\u00bb][vc_column_text]<\/p>\n<h5>Contact<\/h5>\n<p>[\/vc_column_text][vc_column_text]<\/p>\n<h6 style=\"margin-top: 17px;\">+33 (0)651993124<\/h6>\n<p>[\/vc_column_text][vc_column_text]<\/p>\n<h6 style=\"margin-top: 6px;\"><a href=\"mailto:contact@fabienboitard.com\">contact@fabienboitard.com<\/a><\/h6>\n<p>[\/vc_column_text]    <span class=\"eltdf-icon-shortcode eltdf-normal   \" style=\"margin: 14px 0 0 0\" >\n                    <a itemprop=\"url\" class=\"\" href=\"https:\/\/www.facebook.com\/fabien.boitard\" target=\"_self\">\n                    <i class=\"eltdf-icon-font-awesome fab fa-facebook eltdf-icon-element\" style=\"\" ><\/i>                    <\/a>\n            <\/span>\n    <span class=\"eltdf-icon-shortcode eltdf-normal   \" style=\"margin: 14px 22px 0 22px\" >\n                    <a itemprop=\"url\" class=\"\" href=\"https:\/\/www.instagram.com\/fabien_boitard\/\" target=\"_self\">\n                    <i class=\"eltdf-icon-font-awesome fab fa-instagram eltdf-icon-element\" style=\"\" ><\/i>                    <\/a>\n            <\/span>\n    <span class=\"eltdf-icon-shortcode eltdf-normal   \" style=\"margin: 14px 0 0 0\" >\n                    <i class=\"eltdf-icon-font-awesome  eltdf-icon-element\" style=\"\" ><\/i>            <\/span>\n[vc_column_text]<em>Cr\u00e9dits photographies<\/em><br \/>\n<em>Merci \u00e0 Gr\u00e9gory Copitet, Julien Droulers, R\u00e9gis Figarol.<\/em>[\/vc_column_text]\t\t<\/div>\n\t<\/div>\n<\/div><\/div>[\/vc_column][\/vc_row][vc_row row_content_width=\u00a0\u00bbgrid\u00a0\u00bb css=\u00a0\u00bb.vc_custom_1540290205170{padding-bottom: 130px !important;}\u00a0\u00bb][vc_column offset=\u00a0\u00bbvc_col-lg-5 vc_col-md-10&Prime; css=\u00a0\u00bb.vc_custom_1540292442143{border-right-width: 1px !important;padding-right: 0px !important;border-right-color: #000000 !important;border-right-style: solid !important;}\u00a0\u00bb]<div class=\"eltdf-elements-holder   eltdf-one-column  eltdf-responsive-mode-768 \" ><div class=\"eltdf-eh-item    \"  data-item-class=\"eltdf-eh-custom-4610\" data-680=\"0 20px 0 0\">\n\t<div class=\"eltdf-eh-item-inner\">\n\t\t<div class=\"eltdf-eh-item-content eltdf-eh-custom-4610\" style=\"padding: 0 0 0 0\">\n\t\t\t[vc_column_text]<\/p>\n<h5 style=\"margin-top: 19px;\">Biographie (extrait)<\/h5>\n<p>[\/vc_column_text][vc_empty_space height=\u00a0\u00bb4px\u00a0\u00bb][vc_column_text]La R\u00e9gion Occitanie ainsi que la <b>DRAC<\/b> m\u2019ont soutenu assez vite\u00a0: Le <b>FRAC Occitanie<\/b> m&rsquo;expose et me fait entrer dans sa collection par deux fois.<br \/>\nApr\u00e8s avoir particip\u00e9 au Salon de Montrouge pour sa 58<sup>\u00e8me<\/sup> \u00e9dition, j\u2019int\u00e8gre la <b>Galerie Benjamin Derouillon<\/b> \u00e0 Paris en 2014.<br \/>\nJ\u2019ai fait plusieurs r\u00e9sidences dont une \u00e0 Marseille (triangle France), une autre \u00e0 New York sur Shelter Island et une autre encore en Roumanie&#8230;<br \/>\nClaude L\u00e9v\u00e8que m&rsquo;invite en 2015 pour l&rsquo;exposition collective \u00ab\u00a0Genre Humain\u00a0\u00bb \u00e0 Bourges au Palais Jacques C\u0153ur, o\u00f9 j\u2019expose Corbeau qui sera achet\u00e9 par le FRAC Occitanie la m\u00eame ann\u00e9e.<br \/>\nVivement int\u00e9ress\u00e9 par mon travail, Nicolas Bourriaud m\u2019invite \u00e0 participer \u00e0 la Biennale du Territoire #SOL en 2021 au <b>MO.CO <\/b>de Montpellier..<br \/>\nJ&rsquo;ai aussi organis\u00e9 des r\u00e9sidences d\u2019artistes majeurs, des expositions et productions d\u2019\u0153uvres en invitant entre autres artistes\u00a0: Mathieu Mercier, Claude L\u00e9v\u00e8que, Nicolas Moulin, Vincent Mauger, C\u00e9leste Boursier Mougenot, B\u00e9atrice Cussol.[\/vc_column_text][vc_empty_space height=\u00a0\u00bb19px\u00a0\u00bb][vc_column_text]<\/p>\n<pre style=\"text-align: right;\"><em><a href=\"https:\/\/fabienboitard.com\/index.php\/biographie\/\" target=\"_blank\" rel=\"noopener\">Lire la BIO compl\u00e8te<\/a>\r\n<a href=\"http:\/\/fabienboitard.com\/wp-content\/uploads\/2022\/04\/FABIEN-BIO-2022.pdf\">la BIO pdf<\/a>\r\n<\/em><\/pre>\n<p>[\/vc_column_text][vc_empty_space height=\u00a0\u00bb\u00a0\u00bb css=\u00a0\u00bb.vc_custom_1542711228486{padding-bottom: 20% !important;}\u00a0\u00bb][vc_column_text]<\/p>\n<h5>Actualit\u00e9s 2022<\/h5>\n<p>[\/vc_column_text][vc_column_text]En ce moment la<a href=\"https:\/\/www.galeriederouillon.com\"> <b><em>Galerie D<\/em>erouillon<\/b>\u00a0\u00e0 Paris<\/a> pr\u00e9sente l\u2019exposition\u00a0\u00ab\u00a0PIRATES\u00a0\u00bb.[\/vc_column_text][vc_column_text]<\/p>\n<p style=\"margin-top: 3px;\">J\u2019exposerai \u00e9galement cet \u00e9t\u00e9 au centre d&rsquo;art <a href=\"https:\/\/www.acentmetresducentredumonde.com\">\u00ab\u00a0<b><i>Acentm\u00e8tresducentredumonde\u00a0<\/i><\/b>\u00bb \u00e0 Perpignan.<\/a><\/p>\n<p>[\/vc_column_text]\t\t<\/div>\n\t<\/div>\n<\/div><\/div>[\/vc_column][vc_column offset=\u00a0\u00bbvc_col-lg-offset-0 vc_col-lg-7 vc_col-md-offset-0 vc_col-md-12 vc_col-sm-offset-0&Prime;]<div class=\"eltdf-elements-holder   eltdf-one-column  eltdf-responsive-mode-768 \" ><div class=\"eltdf-eh-item    \"  data-item-class=\"eltdf-eh-custom-1568\" data-1367-1600=\"19px 0px 0 74px\" data-1025-1366=\"19px 0px 0 60px\" data-769-1024=\"19px 110px 0px 0px\" data-681-768=\"19px 0px 0px 0px\" data-680=\"19px 0px 0px 0px\">\n\t<div class=\"eltdf-eh-item-inner\">\n\t\t<div class=\"eltdf-eh-item-content eltdf-eh-custom-1568\" style=\"padding: 19px 0px 0 94px\">\n\t\t\t[vc_column_text][\/vc_column_text][vc_column_text][\/vc_column_text][vc_empty_space height=\u00a0\u00bb29px\u00a0\u00bb]<div class=\"eltdf-image-gallery  eltdf-ig-carousel-type eltdf-three-columns eltdf-huge-space  \">\n\t<div class=\"eltdf-ig-slider eltdf-owl-slider\" data-number-of-items=\"1\" data-enable-loop=\"yes\" data-enable-autoplay=\"yes\" data-slider-speed=\"5000\" data-slider-speed-animation=\"600\" data-slider-padding=\"no\" data-enable-navigation=\"yes\" data-enable-pagination=\"no\">\n\t\t\t<\/div>\n<\/div>\t\t<\/div>\n\t<\/div>\n<\/div><\/div>[\/vc_column][\/vc_row][vc_row disable_element=\u00a0\u00bbyes\u00a0\u00bb row_content_width=\u00a0\u00bbgrid\u00a0\u00bb css=\u00a0\u00bb.vc_custom_1542709478120{padding-bottom: 130px !important;}\u00a0\u00bb][vc_column offset=\u00a0\u00bbvc_col-lg-5 vc_col-md-10&Prime; css=\u00a0\u00bb.vc_custom_1540292442143{border-right-width: 1px !important;padding-right: 0px !important;border-right-color: #000000 !important;border-right-style: solid !important;}\u00a0\u00bb]<div class=\"eltdf-elements-holder   eltdf-one-column  eltdf-responsive-mode-768 \" ><div class=\"eltdf-eh-item    \"  data-item-class=\"eltdf-eh-custom-9796\" data-680=\"0 20px 0 0\">\n\t<div class=\"eltdf-eh-item-inner\">\n\t\t<div class=\"eltdf-eh-item-content eltdf-eh-custom-9796\" style=\"padding: 0 0 0 0\">\n\t\t\t[vc_column_text]<\/p>\n<h5 style=\"margin-top: 19px;\">Exhibitions<\/h5>\n<p>[\/vc_column_text][vc_empty_space height=\u00a0\u00bb4px\u00a0\u00bb][vc_column_text]Maui Plein Air Invitational, HI<br \/>\nBeverly McNeil Gallery Sporting and Wildlife Show<br \/>\nMaui Plein air Invitational<br \/>\nLegacy Gallery Small Works Show, Scottsdale, AZ<br \/>\n\u201cArt in the Open\u201d Plein Air, Wexford, Ireland<br \/>\nMaui Plein Air Invitational, HI<br \/>\nBeverly McNeil Gallery Sporting and Wildlife Show<br \/>\nMaui Plein air Invitational<br \/>\nLegacy Gallery Small Works Show, Scottsdale, AZ<br \/>\n\u201cArt in the Open\u201d Plein Air, Wexford, Ireland[\/vc_column_text][vc_empty_space height=\u00a0\u00bb19px\u00a0\u00bb][vc_column_text]<\/p>\n<h5>Awards<\/h5>\n<p>[\/vc_column_text][vc_empty_space height=\u00a0\u00bb4px\u00a0\u00bb][vc_column_text]<a href=\"http:\/\/amedeo.elated-themes.com\/team-member\/\"><u>International Design Award<\/u><\/a>[\/vc_column_text][vc_column_text]<\/p>\n<p style=\"margin-top: 3px;\"><a href=\"http:\/\/amedeo.elated-themes.com\/team-member\/\"><u>The Good Design Award<\/u><\/a><\/p>\n<p>[\/vc_column_text][vc_empty_space height=\u00a0\u00bb92px\u00a0\u00bb]\t\t<\/div>\n\t<\/div>\n<\/div><\/div>[\/vc_column][vc_column offset=\u00a0\u00bbvc_col-lg-offset-0 vc_col-lg-7 vc_col-md-offset-0 vc_col-md-12 vc_col-sm-offset-0&Prime;]<div class=\"eltdf-elements-holder   eltdf-one-column  eltdf-responsive-mode-768 \" ><div class=\"eltdf-eh-item    \"  data-item-class=\"eltdf-eh-custom-4301\" data-1025-1366=\"59px 0px 0 86px\" data-769-1024=\"59px 110px 28px 0px\" data-681-768=\"59px 0px 28px 0px\" data-680=\"59px 0px 28px 0px\">\n\t<div class=\"eltdf-eh-item-inner\">\n\t\t<div class=\"eltdf-eh-item-content eltdf-eh-custom-4301\" style=\"padding: 59px 0px 0 81px\">\n\t\t\t[vc_column_text]<\/p>\n<h4>Artist Work<\/h4>\n<p>[\/vc_column_text][vc_empty_space height=\u00a0\u00bb4px\u00a0\u00bb]<div class=\"eltdf-single-image-holder   \">\n    <div class=\"eltdf-si-inner\" >\n                                                            <\/div>\n<\/div>\t\t<\/div>\n\t<\/div>\n<\/div><\/div>[\/vc_column][\/vc_row]<\/p>\n","protected":false},"excerpt":{"rendered":"<p>[vc_row css=\u00a0\u00bb.vc_custom_1540287044337{padding-top: 29px !important;}\u00a0\u00bb][vc_column][\/vc_column][\/vc_row][vc_row row_content_width=\u00a0\u00bbgrid\u00a0\u00bb][vc_column][\/vc_column][\/vc_row][vc_row row_content_width=\u00a0\u00bbgrid\u00a0\u00bb css=\u00a0\u00bb.vc_custom_1540290205170{padding-bottom: 130px !important;}\u00a0\u00bb][vc_column offset=\u00a0\u00bbvc_col-lg-5 vc_col-md-10&Prime; css=\u00a0\u00bb.vc_custom_1540292442143{border-right-width: 1px !important;padding-right: 0px !important;border-right-color: #000000 !important;border-right-style: solid !important;}\u00a0\u00bb][\/vc_column][vc_column offset=\u00a0\u00bbvc_col-lg-offset-0 vc_col-lg-7 vc_col-md-offset-0 vc_col-md-12 vc_col-sm-offset-0&Prime;][\/vc_column][\/vc_row][vc_row disable_element=\u00a0\u00bbyes\u00a0\u00bb row_content_width=\u00a0\u00bbgrid\u00a0\u00bb css=\u00a0\u00bb.vc_custom_1542709478120{padding-bottom: 130px !important;}\u00a0\u00bb][vc_column offset=\u00a0\u00bbvc_col-lg-5 vc_col-md-10&Prime; css=\u00a0\u00bb.vc_custom_1540292442143{border-right-width: 1px !important;padding-right: 0px !important;border-right-color: #000000 !important;border-right-style: solid !important;}\u00a0\u00bb][\/vc_column][vc_column offset=\u00a0\u00bbvc_col-lg-offset-0 vc_col-lg-7 vc_col-md-offset-0 vc_col-md-12 vc_col-sm-offset-0&Prime;][\/vc_column][\/vc_row]<\/p>\n","protected":false},"author":1,"featured_media":0,"parent":0,"menu_order":0,"comment_status":"closed","ping_status":"closed","template":"full-width.php","meta":{"om_disable_all_campaigns":false,"_mi_skip_tracking":false,"footnotes":""},"class_list":["post-1201","page","type-page","status-publish","hentry"],"aioseo_notices":[],"_links":{"self":[{"href":"https:\/\/fabienboitard.com\/index.php\/wp-json\/wp\/v2\/pages\/1201","targetHints":{"allow":["GET"]}}],"collection":[{"href":"https:\/\/fabienboitard.com\/index.php\/wp-json\/wp\/v2\/pages"}],"about":[{"href":"https:\/\/fabienboitard.com\/index.php\/wp-json\/wp\/v2\/types\/page"}],"author":[{"embeddable":true,"href":"https:\/\/fabienboitard.com\/index.php\/wp-json\/wp\/v2\/users\/1"}],"replies":[{"embeddable":true,"href":"https:\/\/fabienboitard.com\/index.php\/wp-json\/wp\/v2\/comments?post=1201"}],"version-history":[{"count":51,"href":"https:\/\/fabienboitard.com\/index.php\/wp-json\/wp\/v2\/pages\/1201\/revisions"}],"predecessor-version":[{"id":5441,"href":"https:\/\/fabienboitard.com\/index.php\/wp-json\/wp\/v2\/pages\/1201\/revisions\/5441"}],"wp:attachment":[{"href":"https:\/\/fabienboitard.com\/index.php\/wp-json\/wp\/v2\/media?parent=1201"}],"curies":[{"name":"wp","href":"https:\/\/api.w.org\/{rel}","templated":true}]}}